{"id":275,"date":"2018-03-08T14:50:02","date_gmt":"2018-03-08T14:50:02","guid":{"rendered":"https:\/\/demo.mekshq.com\/trawell\/v2\/?page_id=275"},"modified":"2018-03-08T14:50:02","modified_gmt":"2018-03-08T14:50:02","slug":"contact","status":"publish","type":"page","link":"https:\/\/czechoutprague.com\/pl\/kontakt\/","title":{"rendered":"Kontakt"},"content":{"rendered":"<p>To jest przyk\u0142ad strony kontaktowej z pe\u0142nym wsparciem dla wtyczki Contact Form by WPForms WordPress. Prosimy o skorzystanie z naszego <a href=\"https:\/\/mekshq.com\/contact\/\" target=\"_blank\" rel=\"noopener noreferrer\">oficjalna strona kontaktowa<\/a> je\u015bli masz jakiekolwiek pytania dotycz\u0105ce przedsprzeda\u017cy. Ch\u0119tnie si\u0119 z Tob\u0105 skontaktujemy!<\/p>\n\n\n<style id=\"wpforms-css-vars-root\">\n\t\t\t\t:root {\n\t\t\t\t\t--wpforms-field-border-radius: 3px;\n--wpforms-field-background-color: #ffffff;\n--wpforms-field-border-color: rgba( 0, 0, 0, 0.25 );\n--wpforms-field-text-color: rgba( 0, 0, 0, 0.7 );\n--wpforms-label-color: rgba( 0, 0, 0, 0.85 );\n--wpforms-label-sublabel-color: rgba( 0, 0, 0, 0.55 );\n--wpforms-label-error-color: #d63637;\n--wpforms-button-border-radius: 3px;\n--wpforms-button-background-color: #066aab;\n--wpforms-button-text-color: #ffffff;\n--wpforms-field-size-input-height: 43px;\n--wpforms-field-size-input-spacing: 15px;\n--wpforms-field-size-font-size: 16px;\n--wpforms-field-size-line-height: 19px;\n--wpforms-field-size-padding-h: 14px;\n--wpforms-field-size-checkbox-size: 16px;\n--wpforms-field-size-sublabel-spacing: 5px;\n--wpforms-field-size-icon-size: 1;\n--wpforms-label-size-font-size: 16px;\n--wpforms-label-size-line-height: 19px;\n--wpforms-label-size-sublabel-font-size: 14px;\n--wpforms-label-size-sublabel-line-height: 17px;\n--wpforms-button-size-font-size: 17px;\n--wpforms-button-size-height: 41px;\n--wpforms-button-size-padding-h: 15px;\n--wpforms-button-size-margin-top: 10px;\n\n\t\t\t\t}\n\t\t\t<\/style><div class=\"wpforms-container wpforms-container-full wpforms-block wpforms-render-modern\" id=\"wpforms-856\"><form id=\"wpforms-form-856\" class=\"wpforms-validate wpforms-form\" data-formid=\"856\" method=\"post\" enctype=\"multipart\/form-data\" action=\"\/pl\/wp-json\/wp\/v2\/pages\/275\" data-token=\"0b58b86314479853571d6348ecf2069c\" data-trp-original-action=\"\/pl\/wp-json\/wp\/v2\/pages\/275\"><noscript class=\"wpforms-error-noscript\">Aby wype\u0142ni\u0107 ten formularz, w\u0142\u0105cz obs\u0142ug\u0119 JavaScript w przegl\u0105darce.<\/noscript><div class=\"wpforms-hidden\" id=\"wpforms-error-noscript\">Aby wype\u0142ni\u0107 ten formularz, w\u0142\u0105cz obs\u0142ug\u0119 JavaScript w przegl\u0105darce.<\/div><div class=\"wpforms-field-container\"><div id=\"wpforms-856-field_0-container\" class=\"wpforms-field wpforms-field-name\" data-field-id=\"0\"><label class=\"wpforms-field-label\" for=\"wpforms-856-field_0\">Imi\u0119 i nazwisko <span class=\"wpforms-required-label\" aria-hidden=\"true\">*<\/span><\/label><input type=\"text\" id=\"wpforms-856-field_0\" class=\"wpforms-field-large wpforms-field-required\" name=\"wpforms[fields][0]\" aria-errormessage=\"wpforms-856-field_0-error\" required><\/div><div id=\"wpforms-856-field_1-container\" class=\"wpforms-field wpforms-field-email\" data-field-id=\"1\"><label class=\"wpforms-field-label\" for=\"wpforms-856-field_1\">Tw\u00f3j adres e-mail <span class=\"wpforms-required-label\" aria-hidden=\"true\">*<\/span><\/label><input type=\"email\" id=\"wpforms-856-field_1\" class=\"wpforms-field-large wpforms-field-required\" name=\"wpforms[fields][1]\" spellcheck=\"false\" aria-errormessage=\"wpforms-856-field_1-error\" required><\/div><div id=\"wpforms-856-field_3-container\" class=\"wpforms-field wpforms-field-text\" data-field-id=\"3\"><label class=\"wpforms-field-label\" for=\"wpforms-856-field_3\">Przedmiot<\/label><input type=\"text\" id=\"wpforms-856-field_3\" class=\"wpforms-field-large\" name=\"wpforms[fields][3]\" aria-errormessage=\"wpforms-856-field_3-error\" ><\/div><div id=\"wpforms-856-field_2-container\" class=\"wpforms-field wpforms-field-textarea\" data-field-id=\"2\"><label class=\"wpforms-field-label\" for=\"wpforms-856-field_2\">Twoja wiadomo\u015b\u0107 <span class=\"wpforms-required-label\" aria-hidden=\"true\">*<\/span><\/label><textarea id=\"wpforms-856-field_2\" class=\"wpforms-field-medium wpforms-field-required\" name=\"wpforms[fields][2]\" aria-errormessage=\"wpforms-856-field_2-error\" required><\/textarea><\/div><\/div><!-- .wpforms-field-container --><div class=\"wpforms-field wpforms-field-hp\"><label for=\"wpforms-856-field-hp\" class=\"wpforms-field-label\">Telefon<\/label><input type=\"text\" name=\"wpforms[hp]\" id=\"wpforms-856-field-hp\" class=\"wpforms-field-medium\"><\/div><div class=\"wpforms-recaptcha-container wpforms-is-recaptcha wpforms-is-recaptcha-type-v3\" ><input type=\"hidden\" name=\"wpforms[recaptcha]\" value=\"\"><\/div><div class=\"wpforms-submit-container\" ><input type=\"hidden\" name=\"wpforms[id]\" value=\"856\"><input type=\"hidden\" name=\"wpforms[author]\" value=\"1\"><button type=\"submit\" name=\"wpforms[submit]\" id=\"wpforms-submit-856\" class=\"wpforms-submit\" data-alt-text=\"Sending...\" data-submit-text=\"Send\" aria-live=\"assertive\" value=\"wpforms-submit\">Wy\u015blij<\/button><\/div><input type=\"hidden\" name=\"trp-form-language\" value=\"pl\"\/><\/form><\/div>  <!-- .wpforms-container -->","protected":false},"excerpt":{"rendered":"<p>To jest przyk\u0142ad strony kontaktowej z pe\u0142nym wsparciem dla wtyczki Contact Form by WPForms WordPress. Je\u015bli masz jakiekolwiek pytania dotycz\u0105ce przedsprzeda\u017cy, skorzystaj z naszej oficjalnej strony kontaktowej. Chcieliby\u015bmy us\u0142ysze\u0107 od ciebie!<\/p>","protected":false},"author":1,"featured_media":0,"parent":0,"menu_order":0,"comment_status":"closed","ping_status":"closed","template":"","meta":[],"_links":{"self":[{"href":"https:\/\/czechoutprague.com\/pl\/wp-json\/wp\/v2\/pages\/275"}],"collection":[{"href":"https:\/\/czechoutprague.com\/pl\/wp-json\/wp\/v2\/pages"}],"about":[{"href":"https:\/\/czechoutprague.com\/pl\/wp-json\/wp\/v2\/types\/page"}],"author":[{"embeddable":true,"href":"https:\/\/czechoutprague.com\/pl\/wp-json\/wp\/v2\/users\/1"}],"replies":[{"embeddable":true,"href":"https:\/\/czechoutprague.com\/pl\/wp-json\/wp\/v2\/comments?post=275"}],"version-history":[{"count":0,"href":"https:\/\/czechoutprague.com\/pl\/wp-json\/wp\/v2\/pages\/275\/revisions"}],"wp:attachment":[{"href":"https:\/\/czechoutprague.com\/pl\/wp-json\/wp\/v2\/media?parent=275"}],"curies":[{"name":"wp","href":"https:\/\/api.w.org\/{rel}","templated":true}]}}